{"id":1477,"date":"2021-06-30T09:59:19","date_gmt":"2021-06-30T07:59:19","guid":{"rendered":"https:\/\/www.maneks.com\/iletisim\/"},"modified":"2026-01-29T14:04:25","modified_gmt":"2026-01-29T12:04:25","slug":"contact","status":"publish","type":"page","link":"https:\/\/www.maneks.com\/en\/contact\/","title":{"rendered":"Contact"},"content":{"rendered":"\t\t<div data-elementor-type=\"wp-page\" data-elementor-id=\"1477\" class=\"elementor elementor-1477 elementor-377\" data-elementor-post-type=\"page\">\n\t\t\t\t\t\t<section class=\"elementor-section elementor-top-section elementor-element elementor-element-b7493ef elementor-section-full_width qode_elementor_container_inner elementor-section-height-default elementor-section-height-default parallax_section_no\" data-id=\"b7493ef\" data-element_type=\"section\">\n\t\t\t\t\t\t<div class=\"elementor-container elementor-column-gap-default\">\n\t\t\t\t\t<div class=\"elementor-column elementor-col-50 elementor-top-column elementor-element elementor-element-af51ec4\" data-id=\"af51ec4\" data-element_type=\"column\">\n\t\t\t<div class=\"elementor-widget-wrap elementor-element-populated\">\n\t\t\t\t\t\t<div class=\"elementor-element elementor-element-19c26f6 elementor-widget elementor-widget-text-editor\" data-id=\"19c26f6\" data-element_type=\"widget\" data-widget_type=\"text-editor.default\">\n\t\t\t\t<div class=\"elementor-widget-container\">\n\t\t\t<style>\/*! elementor - v3.19.0 - 07-02-2024 *\/\n.elementor-widget-text-editor.elementor-drop-cap-view-stacked .elementor-drop-cap{background-color:#69727d;color:#fff}.elementor-widget-text-editor.elementor-drop-cap-view-framed .elementor-drop-cap{color:#69727d;border:3px solid;background-color:transparent}.elementor-widget-text-editor:not(.elementor-drop-cap-view-default) .elementor-drop-cap{margin-top:8px}.elementor-widget-text-editor:not(.elementor-drop-cap-view-default) .elementor-drop-cap-letter{width:1em;height:1em}.elementor-widget-text-editor .elementor-drop-cap{float:left;text-align:center;line-height:1;font-size:50px}.elementor-widget-text-editor .elementor-drop-cap-letter{display:inline-block}<\/style>\t\t\t\t<h5>Phone:\u00a0 <a href=\"tel:+902122467072;\">+90 (212) 246 7072-73<\/a><br \/>Fax:\u00a0 +90 (212) 230 83 06<br \/>E-mail:\u00a0 <a href=\"mailto:info@maneks.com\">info@maneks.com<\/a><\/h5>\t\t\t\t\t\t<\/div>\n\t\t\t\t<\/div>\n\t\t\t\t<div class=\"elementor-element elementor-element-94eeff1 elementor-widget-divider--view-line elementor-widget elementor-widget-divider\" data-id=\"94eeff1\" data-element_type=\"widget\" data-widget_type=\"divider.default\">\n\t\t\t\t<div class=\"elementor-widget-container\">\n\t\t\t<style>\/*! elementor - v3.19.0 - 07-02-2024 *\/\n.elementor-widget-divider{--divider-border-style:none;--divider-border-width:1px;--divider-color:#0c0d0e;--divider-icon-size:20px;--divider-element-spacing:10px;--divider-pattern-height:24px;--divider-pattern-size:20px;--divider-pattern-url:none;--divider-pattern-repeat:repeat-x}.elementor-widget-divider .elementor-divider{display:flex}.elementor-widget-divider .elementor-divider__text{font-size:15px;line-height:1;max-width:95%}.elementor-widget-divider .elementor-divider__element{margin:0 var(--divider-element-spacing);flex-shrink:0}.elementor-widget-divider .elementor-icon{font-size:var(--divider-icon-size)}.elementor-widget-divider .elementor-divider-separator{display:flex;margin:0;direction:ltr}.elementor-widget-divider--view-line_icon .elementor-divider-separator,.elementor-widget-divider--view-line_text .elementor-divider-separator{align-items:center}.elementor-widget-divider--view-line_icon .elementor-divider-separator:after,.elementor-widget-divider--view-line_icon .elementor-divider-separator:before,.elementor-widget-divider--view-line_text .elementor-divider-separator:after,.elementor-widget-divider--view-line_text .elementor-divider-separator:before{display:block;content:\"\";border-block-end:0;flex-grow:1;border-block-start:var(--divider-border-width) var(--divider-border-style) var(--divider-color)}.elementor-widget-divider--element-align-left .elementor-divider .elementor-divider-separator>.elementor-divider__svg:first-of-type{flex-grow:0;flex-shrink:100}.elementor-widget-divider--element-align-left .elementor-divider-separator:before{content:none}.elementor-widget-divider--element-align-left .elementor-divider__element{margin-left:0}.elementor-widget-divider--element-align-right .elementor-divider .elementor-divider-separator>.elementor-divider__svg:last-of-type{flex-grow:0;flex-shrink:100}.elementor-widget-divider--element-align-right .elementor-divider-separator:after{content:none}.elementor-widget-divider--element-align-right .elementor-divider__element{margin-right:0}.elementor-widget-divider--element-align-start .elementor-divider .elementor-divider-separator>.elementor-divider__svg:first-of-type{flex-grow:0;flex-shrink:100}.elementor-widget-divider--element-align-start .elementor-divider-separator:before{content:none}.elementor-widget-divider--element-align-start .elementor-divider__element{margin-inline-start:0}.elementor-widget-divider--element-align-end .elementor-divider .elementor-divider-separator>.elementor-divider__svg:last-of-type{flex-grow:0;flex-shrink:100}.elementor-widget-divider--element-align-end .elementor-divider-separator:after{content:none}.elementor-widget-divider--element-align-end .elementor-divider__element{margin-inline-end:0}.elementor-widget-divider:not(.elementor-widget-divider--view-line_text):not(.elementor-widget-divider--view-line_icon) .elementor-divider-separator{border-block-start:var(--divider-border-width) var(--divider-border-style) var(--divider-color)}.elementor-widget-divider--separator-type-pattern{--divider-border-style:none}.elementor-widget-divider--separator-type-pattern.elementor-widget-divider--view-line .elementor-divider-separator,.elementor-widget-divider--separator-type-pattern:not(.elementor-widget-divider--view-line) .elementor-divider-separator:after,.elementor-widget-divider--separator-type-pattern:not(.elementor-widget-divider--view-line) .elementor-divider-separator:before,.elementor-widget-divider--separator-type-pattern:not([class*=elementor-widget-divider--view]) .elementor-divider-separator{width:100%;min-height:var(--divider-pattern-height);-webkit-mask-size:var(--divider-pattern-size) 100%;mask-size:var(--divider-pattern-size) 100%;-webkit-mask-repeat:var(--divider-pattern-repeat);mask-repeat:var(--divider-pattern-repeat);background-color:var(--divider-color);-webkit-mask-image:var(--divider-pattern-url);mask-image:var(--divider-pattern-url)}.elementor-widget-divider--no-spacing{--divider-pattern-size:auto}.elementor-widget-divider--bg-round{--divider-pattern-repeat:round}.rtl .elementor-widget-divider .elementor-divider__text{direction:rtl}.e-con-inner>.elementor-widget-divider,.e-con>.elementor-widget-divider{width:var(--container-widget-width,100%);--flex-grow:var(--container-widget-flex-grow)}<\/style>\t\t<div class=\"elementor-divider\">\n\t\t\t<span class=\"elementor-divider-separator\">\n\t\t\t\t\t\t<\/span>\n\t\t<\/div>\n\t\t\t\t<\/div>\n\t\t\t\t<\/div>\n\t\t\t\t<div class=\"elementor-element elementor-element-fe0f704 elementor-widget elementor-widget-bridge_cf_7\" data-id=\"fe0f704\" data-element_type=\"widget\" data-widget_type=\"bridge_cf_7.default\">\n\t\t\t\t<div class=\"elementor-widget-container\">\n\t\t\t    <div class=\"qode-contact-form-7 qode-contact-form-7-0\">\n    \n<div class=\"wpcf7 no-js\" id=\"wpcf7-f156-o1\" lang=\"en-US\" dir=\"ltr\">\n<div class=\"screen-reader-response\"><p role=\"status\" aria-live=\"polite\" aria-atomic=\"true\"><\/p> <ul><\/ul><\/div>\n<form action=\"\/en\/wp-json\/wp\/v2\/pages\/1477#wpcf7-f156-o1\" method=\"post\" class=\"wpcf7-form init cf7_custom_style_2\" aria-label=\"Contact form\" novalidate=\"novalidate\" data-status=\"init\">\n<div style=\"display: none;\">\n<input type=\"hidden\" name=\"_wpcf7\" value=\"156\" \/>\n<input type=\"hidden\" name=\"_wpcf7_version\" value=\"5.8.7\" \/>\n<input type=\"hidden\" name=\"_wpcf7_locale\" value=\"en_US\" \/>\n<input type=\"hidden\" name=\"_wpcf7_unit_tag\" value=\"wpcf7-f156-o1\" \/>\n<input type=\"hidden\" name=\"_wpcf7_container_post\" value=\"0\" \/>\n<input type=\"hidden\" name=\"_wpcf7_posted_data_hash\" value=\"\" \/>\n<input type=\"hidden\" name=\"_wpcf7_recaptcha_response\" value=\"\" \/>\n<\/div>\n<div class=\"two_columns_50_50 clearfix\">\n <div class=\"column1\">\n  <div class=\"column_inner\">\n   <span class=\"wpcf7-form-control-wrap\" data-name=\"your-name\"><input size=\"40\" class=\"wpcf7-form-control wpcf7-text wpcf7-validates-as-required\" aria-required=\"true\" aria-invalid=\"false\" placeholder=\"Your name\" value=\"\" type=\"text\" name=\"your-name\" \/><\/span>\n  <\/div>\n <\/div>\n <div class=\"column2\">\n  <div class=\"column_inner\">\n <span class=\"wpcf7-form-control-wrap\" data-name=\"your-email\"><input size=\"40\" class=\"wpcf7-form-control wpcf7-email wpcf7-validates-as-required wpcf7-text wpcf7-validates-as-email\" aria-required=\"true\" aria-invalid=\"false\" placeholder=\"Your e-mail\" value=\"\" type=\"email\" name=\"your-email\" \/><\/span>\n  <\/div>\n <\/div>\n<\/div>\n<div><span class=\"wpcf7-form-control-wrap\" data-name=\"subject\"><input size=\"40\" class=\"wpcf7-form-control wpcf7-text wpcf7-validates-as-required\" aria-required=\"true\" aria-invalid=\"false\" placeholder=\"Subject\" value=\"\" type=\"text\" name=\"subject\" \/><\/span><\/div>\n<div><span class=\"wpcf7-form-control-wrap\" data-name=\"message\"><textarea cols=\"40\" rows=\"10\" class=\"wpcf7-form-control wpcf7-textarea wpcf7-validates-as-required\" aria-required=\"true\" aria-invalid=\"false\" placeholder=\"Write Your Message Here...\" name=\"message\"><\/textarea><\/span><\/div>\n<div><input class=\"wpcf7-form-control wpcf7-submit has-spinner\" type=\"submit\" value=\"Contact Us\" \/><\/div><div class=\"wpcf7-response-output\" aria-hidden=\"true\"><\/div>\n<\/form>\n<\/div>\n    <\/div>\n\t\t<\/div>\n\t\t\t\t<\/div>\n\t\t\t\t\t<\/div>\n\t\t<\/div>\n\t\t\t\t<div class=\"elementor-column elementor-col-50 elementor-top-column elementor-element elementor-element-07d0ca3\" data-id=\"07d0ca3\" data-element_type=\"column\">\n\t\t\t<div class=\"elementor-widget-wrap elementor-element-populated\">\n\t\t\t\t\t\t<div class=\"elementor-element elementor-element-76dd5a1 elementor-widget elementor-widget-text-editor\" data-id=\"76dd5a1\" data-element_type=\"widget\" data-widget_type=\"text-editor.default\">\n\t\t\t\t<div class=\"elementor-widget-container\">\n\t\t\t\t\t\t\t<h5><a href=\"https:\/\/www.google.com\/maps\/place\/MANEKS+Dis+Ticaret+Ltd.+Sti.\/@41.0689119,29.0129445,15z\/data=!4m6!3m5!1s0x14cab7103b66605f:0xa632d90b5e1749ef!8m2!3d41.0689119!4d29.0129445!16s%2Fg%2F1tdkt_s7?entry=ttu\">B\u00fcy\u00fckdere Cad. No:126<\/a><br \/><a href=\"https:\/\/www.google.com\/maps\/place\/MANEKS+Dis+Ticaret+Ltd.+Sti.\/@41.0689119,29.0129445,15z\/data=!4m6!3m5!1s0x14cab7103b66605f:0xa632d90b5e1749ef!8m2!3d41.0689119!4d29.0129445!16s%2Fg%2F1tdkt_s7?entry=ttu\">\u00d6zsezen \u0130\u015f Merkezi C Blok, 8. Kat<\/a><br \/><a href=\"https:\/\/www.google.com\/maps\/place\/MANEKS+Dis+Ticaret+Ltd.+Sti.\/@41.0689119,29.0129445,15z\/data=!4m6!3m5!1s0x14cab7103b66605f:0xa632d90b5e1749ef!8m2!3d41.0689119!4d29.0129445!16s%2Fg%2F1tdkt_s7?entry=ttu\">\u015ei\u015fli 34394 \u0130stanbul \/ T\u00fcrkiye<\/a><\/h5>\t\t\t\t\t\t<\/div>\n\t\t\t\t<\/div>\n\t\t\t\t<div class=\"elementor-element elementor-element-05109fd elementor-widget-divider--view-line elementor-widget elementor-widget-divider\" data-id=\"05109fd\" data-element_type=\"widget\" data-widget_type=\"divider.default\">\n\t\t\t\t<div class=\"elementor-widget-container\">\n\t\t\t\t\t<div class=\"elementor-divider\">\n\t\t\t<span class=\"elementor-divider-separator\">\n\t\t\t\t\t\t<\/span>\n\t\t<\/div>\n\t\t\t\t<\/div>\n\t\t\t\t<\/div>\n\t\t\t\t<div class=\"elementor-element elementor-element-a954df3 elementor-widget elementor-widget-google_maps\" data-id=\"a954df3\" data-element_type=\"widget\" data-widget_type=\"google_maps.default\">\n\t\t\t\t<div class=\"elementor-widget-container\">\n\t\t\t<style>\/*! elementor - v3.19.0 - 07-02-2024 *\/\n.elementor-widget-google_maps .elementor-widget-container{overflow:hidden}.elementor-widget-google_maps .elementor-custom-embed{line-height:0}.elementor-widget-google_maps iframe{height:300px}<\/style>\t\t<div class=\"elementor-custom-embed\">\n\t\t\t<iframe loading=\"lazy\"\n\t\t\t\t\tsrc=\"https:\/\/maps.google.com\/maps?q=126%2C%20B%C3%BCy%C3%BCkdere%20Cad.%2C%20%C5%9Ei%C5%9Fli%2C%20%C4%B0stanbul&#038;t=m&#038;z=14&#038;output=embed&#038;iwloc=near\"\n\t\t\t\t\ttitle=\"126, B\u00fcy\u00fckdere Cad., \u015ei\u015fli, \u0130stanbul\"\n\t\t\t\t\taria-label=\"126, B\u00fcy\u00fckdere Cad., \u015ei\u015fli, \u0130stanbul\"\n\t\t\t><\/iframe>\n\t\t<\/div>\n\t\t\t\t<\/div>\n\t\t\t\t<\/div>\n\t\t\t\t\t<\/div>\n\t\t<\/div>\n\t\t\t\t\t<\/div>\n\t\t<\/section>\n\t\t\t\t<section class=\"elementor-section elementor-top-section elementor-element elementor-element-a835f02 elementor-section-full_width qode_elementor_container_inner elementor-section-height-default elementor-section-height-default parallax_section_no\" data-id=\"a835f02\" data-element_type=\"section\">\n\t\t\t\t\t\t<div class=\"elementor-container elementor-column-gap-default\">\n\t\t\t\t\t<div class=\"elementor-column elementor-col-50 elementor-top-column elementor-element elementor-element-ef284f2\" data-id=\"ef284f2\" data-element_type=\"column\">\n\t\t\t<div class=\"elementor-widget-wrap elementor-element-populated\">\n\t\t\t\t\t\t<div class=\"elementor-element elementor-element-6831ed4 elementor-widget elementor-widget-image\" data-id=\"6831ed4\" data-element_type=\"widget\" data-widget_type=\"image.default\">\n\t\t\t\t<div class=\"elementor-widget-container\">\n\t\t\t<style>\/*! elementor - v3.19.0 - 07-02-2024 *\/\n.elementor-widget-image{text-align:center}.elementor-widget-image a{display:inline-block}.elementor-widget-image a img[src$=\".svg\"]{width:48px}.elementor-widget-image img{vertical-align:middle;display:inline-block}<\/style>\t\t\t\t\t\t\t\t\t\t<img decoding=\"async\" width=\"300\" height=\"101\" src=\"https:\/\/www.maneks.com\/wp-content\/uploads\/2026\/01\/MANEKS_FZCO_500_wht-1-300x101.png\" class=\"attachment-medium size-medium wp-image-1911\" alt=\"\" srcset=\"https:\/\/www.maneks.com\/wp-content\/uploads\/2026\/01\/MANEKS_FZCO_500_wht-1-300x101.png 300w, https:\/\/www.maneks.com\/wp-content\/uploads\/2026\/01\/MANEKS_FZCO_500_wht-1.png 500w\" sizes=\"(max-width: 300px) 100vw, 300px\" \/>\t\t\t\t\t\t\t\t\t\t\t\t\t<\/div>\n\t\t\t\t<\/div>\n\t\t\t\t<div class=\"elementor-element elementor-element-5840fdc elementor-widget elementor-widget-text-editor\" data-id=\"5840fdc\" data-element_type=\"widget\" data-widget_type=\"text-editor.default\">\n\t\t\t\t<div class=\"elementor-widget-container\">\n\t\t\t\t\t\t\t<h5><a href=\"http:\/\/google.com\/maps\/place\/\/data=!4m2!3m1!1s0x3e5f6f9f1fbfb607:0x4db0a2f5f59532d9?sa=X&amp;ved=1t:8290&amp;ictx=111\">IFZA Business Park Premises <br \/>No: 58827 001 <\/a><\/h5><h5><a href=\"http:\/\/google.com\/maps\/place\/\/data=!4m2!3m1!1s0x3e5f6f9f1fbfb607:0x4db0a2f5f59532d9?sa=X&amp;ved=1t:8290&amp;ictx=111\">Dubai Silicon Oasis, Dubai, UAE<\/a><\/h5>\t\t\t\t\t\t<\/div>\n\t\t\t\t<\/div>\n\t\t\t\t<div class=\"elementor-element elementor-element-933e583 elementor-widget-divider--view-line elementor-widget elementor-widget-divider\" data-id=\"933e583\" data-element_type=\"widget\" data-widget_type=\"divider.default\">\n\t\t\t\t<div class=\"elementor-widget-container\">\n\t\t\t\t\t<div class=\"elementor-divider\">\n\t\t\t<span class=\"elementor-divider-separator\">\n\t\t\t\t\t\t<\/span>\n\t\t<\/div>\n\t\t\t\t<\/div>\n\t\t\t\t<\/div>\n\t\t\t\t<div class=\"elementor-element elementor-element-b677d50 elementor-widget elementor-widget-text-editor\" data-id=\"b677d50\" data-element_type=\"widget\" data-widget_type=\"text-editor.default\">\n\t\t\t\t<div class=\"elementor-widget-container\">\n\t\t\t\t\t\t\t<h5>\u00a0<\/h5><h5>\u00a0<\/h5><h5>Telephone:\u00a0 +971 52 918 6367<br \/>E-mail:\u00a0 <a href=\"mailto:info@maneks.com\">info@maneks.com<\/a><\/h5>\t\t\t\t\t\t<\/div>\n\t\t\t\t<\/div>\n\t\t\t\t<div class=\"elementor-element elementor-element-9a57711 elementor-widget-divider--view-line elementor-widget elementor-widget-divider\" data-id=\"9a57711\" data-element_type=\"widget\" data-widget_type=\"divider.default\">\n\t\t\t\t<div class=\"elementor-widget-container\">\n\t\t\t\t\t<div class=\"elementor-divider\">\n\t\t\t<span class=\"elementor-divider-separator\">\n\t\t\t\t\t\t<\/span>\n\t\t<\/div>\n\t\t\t\t<\/div>\n\t\t\t\t<\/div>\n\t\t\t\t\t<\/div>\n\t\t<\/div>\n\t\t\t\t<div class=\"elementor-column elementor-col-50 elementor-top-column elementor-element elementor-element-7e92847\" data-id=\"7e92847\" data-element_type=\"column\">\n\t\t\t<div class=\"elementor-widget-wrap elementor-element-populated\">\n\t\t\t\t\t\t<div class=\"elementor-element elementor-element-7c5beec elementor-widget elementor-widget-google_maps\" data-id=\"7c5beec\" data-element_type=\"widget\" data-widget_type=\"google_maps.default\">\n\t\t\t\t<div class=\"elementor-widget-container\">\n\t\t\t\t\t<div class=\"elementor-custom-embed\">\n\t\t\t<iframe loading=\"lazy\"\n\t\t\t\t\tsrc=\"https:\/\/maps.google.com\/maps?q=IFZA%20Business%20Park%20Premises%20No%3A%2058827%20001%20Dubai%20Silicon%20Oasis%2C%20Dubai%2C%20UAE&#038;t=m&#038;z=14&#038;output=embed&#038;iwloc=near\"\n\t\t\t\t\ttitle=\"IFZA Business Park Premises No: 58827 001 Dubai Silicon Oasis, Dubai, UAE\"\n\t\t\t\t\taria-label=\"IFZA Business Park Premises No: 58827 001 Dubai Silicon Oasis, Dubai, UAE\"\n\t\t\t><\/iframe>\n\t\t<\/div>\n\t\t\t\t<\/div>\n\t\t\t\t<\/div>\n\t\t\t\t\t<\/div>\n\t\t<\/div>\n\t\t\t\t\t<\/div>\n\t\t<\/section>\n\t\t\t\t<\/div>\n\t\t","protected":false},"excerpt":{"rendered":"<p>Phone:\u00a0 +90 (212) 246 7072-73Fax:\u00a0 +90 (212) 230 83 06E-mail:\u00a0 info@maneks.com B\u00fcy\u00fckdere Cad. No:126\u00d6zsezen \u0130\u015f Merkezi C Blok, 8. Kat\u015ei\u015fli 34394 \u0130stanbul \/ T\u00fcrkiye IFZA Business Park Premises No: 58827 001 Dubai Silicon Oasis, Dubai, UAE \u00a0 \u00a0 Telephone:\u00a0 +971 52 918 6367E-mail:\u00a0 info@maneks.com<\/p>\n","protected":false},"author":1,"featured_media":0,"parent":0,"menu_order":0,"comment_status":"closed","ping_status":"closed","template":"full_width.php","meta":{"footnotes":""},"class_list":["post-1477","page","type-page","status-publish","hentry"],"yoast_head":"<!-- This site is optimized with the Yoast SEO Premium plugin v22.0 (Yoast SEO v22.1) - https:\/\/yoast.com\/wordpress\/plugins\/seo\/ -->\n<title>Contact - MANEKS Dis Ticaret Ltd. Sti.<\/title>\n<meta name=\"robots\" content=\"index, follow, max-snippet:-1, max-image-preview:large, max-video-preview:-1\" \/>\n<link rel=\"canonical\" href=\"https:\/\/www.maneks.com\/en\/contact\/\" \/>\n<meta property=\"og:locale\" content=\"en_US\" \/>\n<meta property=\"og:type\" content=\"article\" \/>\n<meta property=\"og:title\" content=\"Contact\" \/>\n<meta property=\"og:description\" content=\"Phone:\u00a0 +90 (212) 246 7072-73Fax:\u00a0 +90 (212) 230 83 06E-mail:\u00a0 info@maneks.com B\u00fcy\u00fckdere Cad. No:126\u00d6zsezen \u0130\u015f Merkezi C Blok, 8. Kat\u015ei\u015fli 34394 \u0130stanbul \/ T\u00fcrkiye IFZA Business Park Premises No: 58827 001 Dubai Silicon Oasis, Dubai, UAE \u00a0 \u00a0 Telephone:\u00a0 +971 52 918 6367E-mail:\u00a0 info@maneks.com\" \/>\n<meta property=\"og:url\" content=\"https:\/\/www.maneks.com\/en\/contact\/\" \/>\n<meta property=\"og:site_name\" content=\"MANEKS Dis Ticaret Ltd. Sti.\" \/>\n<meta property=\"article:modified_time\" content=\"2026-01-29T12:04:25+00:00\" \/>\n<meta property=\"og:image\" content=\"https:\/\/www.maneks.com\/wp-content\/uploads\/2026\/01\/MANEKS_FZCO_500_wht-1-300x101.png\" \/>\n<meta name=\"twitter:card\" content=\"summary_large_image\" \/>\n<meta name=\"twitter:label1\" content=\"Est. reading time\" \/>\n\t<meta name=\"twitter:data1\" content=\"1 minute\" \/>\n<script type=\"application\/ld+json\" class=\"yoast-schema-graph\">{\"@context\":\"https:\/\/schema.org\",\"@graph\":[{\"@type\":\"WebPage\",\"@id\":\"https:\/\/www.maneks.com\/en\/contact\/\",\"url\":\"https:\/\/www.maneks.com\/en\/contact\/\",\"name\":\"Contact - MANEKS Dis Ticaret Ltd. Sti.\",\"isPartOf\":{\"@id\":\"https:\/\/www.maneks.com\/#website\"},\"datePublished\":\"2021-06-30T07:59:19+00:00\",\"dateModified\":\"2026-01-29T12:04:25+00:00\",\"breadcrumb\":{\"@id\":\"https:\/\/www.maneks.com\/en\/contact\/#breadcrumb\"},\"inLanguage\":\"en-US\",\"potentialAction\":[{\"@type\":\"ReadAction\",\"target\":[\"https:\/\/www.maneks.com\/en\/contact\/\"]}]},{\"@type\":\"BreadcrumbList\",\"@id\":\"https:\/\/www.maneks.com\/en\/contact\/#breadcrumb\",\"itemListElement\":[{\"@type\":\"ListItem\",\"position\":1,\"name\":\"Anasayfa\",\"item\":\"https:\/\/www.maneks.com\/en\/\"},{\"@type\":\"ListItem\",\"position\":2,\"name\":\"Contact\"}]},{\"@type\":\"WebSite\",\"@id\":\"https:\/\/www.maneks.com\/#website\",\"url\":\"https:\/\/www.maneks.com\/\",\"name\":\"MANEKS Dis Ticaret Ltd. Sti.\",\"description\":\"\",\"publisher\":{\"@id\":\"https:\/\/www.maneks.com\/#organization\"},\"alternateName\":\"MANEKS\",\"potentialAction\":[{\"@type\":\"SearchAction\",\"target\":{\"@type\":\"EntryPoint\",\"urlTemplate\":\"https:\/\/www.maneks.com\/?s={search_term_string}\"},\"query-input\":\"required name=search_term_string\"}],\"inLanguage\":\"en-US\"},{\"@type\":\"Organization\",\"@id\":\"https:\/\/www.maneks.com\/#organization\",\"name\":\"MANEKS D\u0131\u015f Ticaret Ltd. \u015eti.\",\"alternateName\":\"MANEKS\",\"url\":\"https:\/\/www.maneks.com\/\",\"logo\":{\"@type\":\"ImageObject\",\"inLanguage\":\"en-US\",\"@id\":\"https:\/\/www.maneks.com\/#\/schema\/logo\/image\/\",\"url\":\"https:\/\/www.maneks.com\/wp-content\/uploads\/2022\/03\/MANEKS_Ltd.png\",\"contentUrl\":\"https:\/\/www.maneks.com\/wp-content\/uploads\/2022\/03\/MANEKS_Ltd.png\",\"width\":616,\"height\":145,\"caption\":\"MANEKS D\u0131\u015f Ticaret Ltd. \u015eti.\"},\"image\":{\"@id\":\"https:\/\/www.maneks.com\/#\/schema\/logo\/image\/\"},\"description\":\"MANEKS DIS TICARET LIMITED SIRKETI was founded in 1985 with the purpose of International Iron & Steel trading. The Company since then has served the Turkish Iron & Steel Industry both in imports and exports, as well as conducting cross trade all over the world. During this time the Company has gained exclusive representation rights of worldwide known Iron & Steel producers and traders. These upscale relations has provided MANEKS several opportunities and expertise to create extensive logistic and financing solutions to its clients. In its 37 years of operation MANEKS has moved close to 6 million tones of Iron & Steel all over the world.\",\"email\":\"info@maneks.com\",\"telephone\":\"+90-212-246-7072\",\"legalName\":\"MANEKS D\u0131\u015f Ticaret Limited \u015eirketi\",\"foundingDate\":\"1985-01-01\"}]}<\/script>\n<!-- \/ Yoast SEO Premium plugin. -->","yoast_head_json":{"title":"Contact - MANEKS Dis Ticaret Ltd. Sti.","robots":{"index":"index","follow":"follow","max-snippet":"max-snippet:-1","max-image-preview":"max-image-preview:large","max-video-preview":"max-video-preview:-1"},"canonical":"https:\/\/www.maneks.com\/en\/contact\/","og_locale":"en_US","og_type":"article","og_title":"Contact","og_description":"Phone:\u00a0 +90 (212) 246 7072-73Fax:\u00a0 +90 (212) 230 83 06E-mail:\u00a0 info@maneks.com B\u00fcy\u00fckdere Cad. No:126\u00d6zsezen \u0130\u015f Merkezi C Blok, 8. Kat\u015ei\u015fli 34394 \u0130stanbul \/ T\u00fcrkiye IFZA Business Park Premises No: 58827 001 Dubai Silicon Oasis, Dubai, UAE \u00a0 \u00a0 Telephone:\u00a0 +971 52 918 6367E-mail:\u00a0 info@maneks.com","og_url":"https:\/\/www.maneks.com\/en\/contact\/","og_site_name":"MANEKS Dis Ticaret Ltd. Sti.","article_modified_time":"2026-01-29T12:04:25+00:00","og_image":[{"url":"https:\/\/www.maneks.com\/wp-content\/uploads\/2026\/01\/MANEKS_FZCO_500_wht-1-300x101.png"}],"twitter_card":"summary_large_image","twitter_misc":{"Est. reading time":"1 minute"},"schema":{"@context":"https:\/\/schema.org","@graph":[{"@type":"WebPage","@id":"https:\/\/www.maneks.com\/en\/contact\/","url":"https:\/\/www.maneks.com\/en\/contact\/","name":"Contact - MANEKS Dis Ticaret Ltd. Sti.","isPartOf":{"@id":"https:\/\/www.maneks.com\/#website"},"datePublished":"2021-06-30T07:59:19+00:00","dateModified":"2026-01-29T12:04:25+00:00","breadcrumb":{"@id":"https:\/\/www.maneks.com\/en\/contact\/#breadcrumb"},"inLanguage":"en-US","potentialAction":[{"@type":"ReadAction","target":["https:\/\/www.maneks.com\/en\/contact\/"]}]},{"@type":"BreadcrumbList","@id":"https:\/\/www.maneks.com\/en\/contact\/#breadcrumb","itemListElement":[{"@type":"ListItem","position":1,"name":"Anasayfa","item":"https:\/\/www.maneks.com\/en\/"},{"@type":"ListItem","position":2,"name":"Contact"}]},{"@type":"WebSite","@id":"https:\/\/www.maneks.com\/#website","url":"https:\/\/www.maneks.com\/","name":"MANEKS Dis Ticaret Ltd. Sti.","description":"","publisher":{"@id":"https:\/\/www.maneks.com\/#organization"},"alternateName":"MANEKS","potentialAction":[{"@type":"SearchAction","target":{"@type":"EntryPoint","urlTemplate":"https:\/\/www.maneks.com\/?s={search_term_string}"},"query-input":"required name=search_term_string"}],"inLanguage":"en-US"},{"@type":"Organization","@id":"https:\/\/www.maneks.com\/#organization","name":"MANEKS D\u0131\u015f Ticaret Ltd. \u015eti.","alternateName":"MANEKS","url":"https:\/\/www.maneks.com\/","logo":{"@type":"ImageObject","inLanguage":"en-US","@id":"https:\/\/www.maneks.com\/#\/schema\/logo\/image\/","url":"https:\/\/www.maneks.com\/wp-content\/uploads\/2022\/03\/MANEKS_Ltd.png","contentUrl":"https:\/\/www.maneks.com\/wp-content\/uploads\/2022\/03\/MANEKS_Ltd.png","width":616,"height":145,"caption":"MANEKS D\u0131\u015f Ticaret Ltd. \u015eti."},"image":{"@id":"https:\/\/www.maneks.com\/#\/schema\/logo\/image\/"},"description":"MANEKS DIS TICARET LIMITED SIRKETI was founded in 1985 with the purpose of International Iron & Steel trading. The Company since then has served the Turkish Iron & Steel Industry both in imports and exports, as well as conducting cross trade all over the world. During this time the Company has gained exclusive representation rights of worldwide known Iron & Steel producers and traders. These upscale relations has provided MANEKS several opportunities and expertise to create extensive logistic and financing solutions to its clients. In its 37 years of operation MANEKS has moved close to 6 million tones of Iron & Steel all over the world.","email":"info@maneks.com","telephone":"+90-212-246-7072","legalName":"MANEKS D\u0131\u015f Ticaret Limited \u015eirketi","foundingDate":"1985-01-01"}]}},"_links":{"self":[{"href":"https:\/\/www.maneks.com\/en\/wp-json\/wp\/v2\/pages\/1477","targetHints":{"allow":["GET"]}}],"collection":[{"href":"https:\/\/www.maneks.com\/en\/wp-json\/wp\/v2\/pages"}],"about":[{"href":"https:\/\/www.maneks.com\/en\/wp-json\/wp\/v2\/types\/page"}],"author":[{"embeddable":true,"href":"https:\/\/www.maneks.com\/en\/wp-json\/wp\/v2\/users\/1"}],"replies":[{"embeddable":true,"href":"https:\/\/www.maneks.com\/en\/wp-json\/wp\/v2\/comments?post=1477"}],"version-history":[{"count":14,"href":"https:\/\/www.maneks.com\/en\/wp-json\/wp\/v2\/pages\/1477\/revisions"}],"predecessor-version":[{"id":1915,"href":"https:\/\/www.maneks.com\/en\/wp-json\/wp\/v2\/pages\/1477\/revisions\/1915"}],"wp:attachment":[{"href":"https:\/\/www.maneks.com\/en\/wp-json\/wp\/v2\/media?parent=1477"}],"curies":[{"name":"wp","href":"https:\/\/api.w.org\/{rel}","templated":true}]}}